{"id":26,"date":"2024-09-10T17:31:02","date_gmt":"2024-09-10T20:31:02","guid":{"rendered":"https:\/\/www.centroflora.com.br\/?page_id=26"},"modified":"2025-02-04T15:45:07","modified_gmt":"2025-02-04T18:45:07","slug":"home","status":"publish","type":"page","link":"https:\/\/www.centroflora.com.br\/en\/","title":{"rendered":"Home"},"content":{"rendered":"<div data-elementor-type=\"wp-page\" data-elementor-id=\"26\" class=\"elementor elementor-26\">\n\t\t\t\t<div class=\"elementor-element elementor-element-6dd40c8 e-con-full e-flex e-con e-parent\" data-id=\"6dd40c8\" data-element_type=\"container\" data-settings=\"{&quot;jet_parallax_layout_list&quot;:[]}\">\n\t\t\t\t<div class=\"elementor-element elementor-element-b872109 elementor-widget elementor-widget-jet-slider\" data-id=\"b872109\" data-element_type=\"widget\" id=\"slider-home\" data-settings=\"{&quot;slider_height&quot;:{&quot;unit&quot;:&quot;vh&quot;,&quot;size&quot;:90,&quot;sizes&quot;:[]},&quot;slider_height_tablet&quot;:{&quot;unit&quot;:&quot;vh&quot;,&quot;size&quot;:&quot;&quot;,&quot;sizes&quot;:[]},&quot;slider_height_mobile&quot;:{&quot;unit&quot;:&quot;vh&quot;,&quot;size&quot;:85,&quot;sizes&quot;:[]},&quot;slider_height_widescreen&quot;:{&quot;unit&quot;:&quot;px&quot;,&quot;size&quot;:&quot;&quot;,&quot;sizes&quot;:[]},&quot;slider_height_laptop&quot;:{&quot;unit&quot;:&quot;px&quot;,&quot;size&quot;:&quot;&quot;,&quot;sizes&quot;:[]},&quot;slider_height_tablet_extra&quot;:{&quot;unit&quot;:&quot;px&quot;,&quot;size&quot;:&quot;&quot;,&quot;sizes&quot;:[]},&quot;slider_height_mobile_extra&quot;:{&quot;unit&quot;:&quot;px&quot;,&quot;size&quot;:&quot;&quot;,&quot;sizes&quot;:[]}}\" data-widget_type=\"jet-slider.default\">\n\t\t\t\t<div class=\"elementor-widget-container\">\n\t\t\t\t\t<div class=\"elementor-jet-slider jet-elements\">\n<div class=\"jet-slider jet-slider__image-exact\" data-settings='{&quot;sliderWidth&quot;:{&quot;unit&quot;:&quot;%&quot;,&quot;size&quot;:100,&quot;sizes&quot;:[]},&quot;sliderHeight&quot;:{&quot;unit&quot;:&quot;vh&quot;,&quot;size&quot;:90,&quot;sizes&quot;:[]},&quot;sliderNavigation&quot;:true,&quot;sliderNavigationIcon&quot;:&quot;jet-slider__arrow-icon-b872109&quot;,&quot;sliderNaviOnHover&quot;:false,&quot;sliderPagination&quot;:false,&quot;sliderAutoplay&quot;:true,&quot;sliderAutoplayDelay&quot;:7000,&quot;sliderAutoplayOnHover&quot;:&quot;none&quot;,&quot;sliderFullScreen&quot;:false,&quot;sliderFullscreenIcon&quot;:&quot;jet-slider__fullscreen-icon-b872109&quot;,&quot;sliderShuffle&quot;:false,&quot;sliderLoop&quot;:true,&quot;sliderFadeMode&quot;:true,&quot;slideDistance&quot;:{&quot;unit&quot;:&quot;px&quot;,&quot;size&quot;:0,&quot;sizes&quot;:[]},&quot;slideDuration&quot;:500,&quot;imageScaleMode&quot;:&quot;exact&quot;,&quot;thumbnails&quot;:false,&quot;thumbnailWidth&quot;:120,&quot;thumbnailHeight&quot;:80,&quot;rightToLeft&quot;:false,&quot;touchswipe&quot;:true,&quot;fractionPag&quot;:false,&quot;autoSliderHeight&quot;:false}'>\n\t\n<div  class=\"slider-pro\"><div class=\"jet-slider__arrow-icon-b872109 hidden-html\"><svg xmlns=\"http:\/\/www.w3.org\/2000\/svg\" width=\"20\" height=\"20\" viewbox=\"0 0 20 20\" fill=\"none\"><path d=\"M15.6589 9.171H6.35059L10.4173 5.10433C10.7423 4.77933 10.7423 4.246 10.4173 3.921C10.0923 3.596 9.56725 3.596 9.24225 3.921L3.75059 9.41266C3.42559 9.73766 3.42559 10.2627 3.75059 10.5877L9.24225 16.0793C9.56725 16.4043 10.0923 16.4043 10.4173 16.0793C10.7423 15.7543 10.7423 15.2293 10.4173 14.9043L6.35059 10.8377H15.6589C16.1173 10.8377 16.4923 10.4627 16.4923 10.0043C16.4923 9.546 16.1173 9.171 15.6589 9.171Z\" fill=\"#E1EBDB\"><\/path><\/svg><\/div><div class=\"jet-slider__fullscreen-icon-b872109 hidden-html\"><\/div><div class=\"jet-slider__items sp-slides\">\n\n\n<div  class=\"jet-slider__item sp-slide elementor-repeater-item-faafac9\"><img decoding=\"async\" class=\"sp-image\" src=\"https:\/\/www.centroflora.com.br\/wp-content\/uploads\/2024\/09\/centro-flora-home-banner-1.jpg\" alt=\"centro-flora-home-banner-1\" loading=\"lazy\"><div class=\"jet-slider__content sp-layer\" data-position=\"centerCenter\" data-width=\"100%\" data-height=\"100%\" data-horizontal=\"0%\" data-show-transition=\"up\" data-show-duration=\"400\" data-show-delay=\"400\" >\n\t\t<div class=\"jet-slider__content-item\">\n\t\t\t<div class=\"jet-slider__content-inner\"><h1 class=\"jet-slider__title\">Seven decades of trust and quality in botanical APIs<\/h1><div class=\"jet-slider__desc\">Centroflora has been synonymous with excellence and trust in the herbal industry for 67 years. Our two GMP-certified facilities meet the highest standards set by major global agencies and can provide a range of products and services to your company, from CDMO activities, tech transfers to products that fit your product needs.<\/div>\n\t\t\t\t\t\t<div class=\"jet-slider__button-wrapper\"><a class=\"elementor-button elementor-size-md jet-slider__button jet-slider__button--primary\" href=\"\/en\/sobre\/\">Learn about our story<\/a>\t\t\t\t\t\t<\/div><\/div>\n\t\t<\/div>\n\t\t\t<\/div>\n<\/div>\n\n<div  class=\"jet-slider__item sp-slide elementor-repeater-item-08427e9\"><img decoding=\"async\" class=\"sp-image\" src=\"https:\/\/www.centroflora.com.br\/wp-content\/uploads\/2024\/09\/centro-flora-home-banner-2.jpg\" alt=\"centro-flora-home-banner-2\" loading=\"lazy\"><div class=\"jet-slider__content sp-layer\" data-position=\"centerCenter\" data-width=\"100%\" data-height=\"100%\" data-horizontal=\"0%\" data-show-transition=\"up\" data-show-duration=\"400\" data-show-delay=\"400\" >\n\t\t<div class=\"jet-slider__content-item\">\n\t\t\t<div class=\"jet-slider__content-inner\"><h2 class=\"jet-slider__title\">Your one-stop shop for Herbal product solutions<\/h2><div class=\"jet-slider__desc\">Explore our comprehensive ecosystem of products and services tailored to meet your needs. From agronomical know-how and the establishment of sustainable supply chains to bench and industrial scale-ups, a wide range of nutraceutical and pharmaceutical products and innovative solutions, Centroflora is dedicated to surpassing your expectations.<\/div>\n\t\t\t\t\t\t<div class=\"jet-slider__button-wrapper\"><a class=\"elementor-button elementor-size-md jet-slider__button jet-slider__button--primary\" href=\"\/en\/portfolio\/\">Explore our portfolio<\/a>\t\t\t\t\t\t<\/div><\/div>\n\t\t<\/div>\n\t\t\t<\/div>\n<\/div>\n\n<div  class=\"jet-slider__item sp-slide elementor-repeater-item-6da2173\"><img decoding=\"async\" class=\"sp-image\" src=\"https:\/\/www.centroflora.com.br\/wp-content\/uploads\/2024\/09\/centro-flora-home-banner-3.jpg\" alt=\"centro-flora-home-banner-3\" loading=\"lazy\"><div class=\"jet-slider__content sp-layer\" data-position=\"centerCenter\" data-width=\"100%\" data-height=\"100%\" data-horizontal=\"0%\" data-show-transition=\"up\" data-show-duration=\"400\" data-show-delay=\"400\" >\n\t\t<div class=\"jet-slider__content-item\">\n\t\t\t<div class=\"jet-slider__content-inner\"><h2 class=\"jet-slider__title\">Leading the Future of Herbal Innovation<\/h2><div class=\"jet-slider__desc\">Centroflora is driving the future of herbal medicine with cutting-edge innovation. At Centroflora Inova, we develop proprietary botanical extracts and transform Brazilian biodiversity into groundbreaking health solutions. Discover the next generation of botanical APIs and therapeutic products.<\/div>\n\t\t\t\t\t\t<div class=\"jet-slider__button-wrapper\"><a class=\"elementor-button elementor-size-md jet-slider__button jet-slider__button--primary\" href=\"\/en\/inovacao\/\">Discover our solutions<\/a>\t\t\t\t\t\t<\/div><\/div>\n\t\t<\/div>\n\t\t\t<\/div>\n<\/div>\n\n<\/div>\n<\/div>\n<\/div>\n<\/div>\t\t\t\t<\/div>\n\t\t\t\t<\/div>\n\t\t\t\t<\/div>\n\t\t\t\t<\/div>","protected":false},"excerpt":{"rendered":"<p>Sete d\u00e9cadas de confian\u00e7a e garantia de qualidade em IFAVS Centroflora tem sido sin\u00f4nimo de excel\u00eancia e confian\u00e7a na ind\u00fastria de produtos herbais por 67 anos. Nossas duas instala\u00e7\u00f5es certificadas pela GMP atendem aos mais altos padr\u00f5es estabelecidos pelas principais ag\u00eancias globais e podem fornecer uma gama de produtos e servi\u00e7os para sua empresa, desde [&hellip;]<\/p>","protected":false},"author":2,"featured_media":0,"parent":0,"menu_order":0,"comment_status":"closed","ping_status":"closed","template":"elementor_header_footer","meta":{"footnotes":""},"class_list":["post-26","page","type-page","status-publish","hentry"],"aioseo_notices":[],"_links":{"self":[{"href":"https:\/\/www.centroflora.com.br\/en\/wp-json\/wp\/v2\/pages\/26","targetHints":{"allow":["GET"]}}],"collection":[{"href":"https:\/\/www.centroflora.com.br\/en\/wp-json\/wp\/v2\/pages"}],"about":[{"href":"https:\/\/www.centroflora.com.br\/en\/wp-json\/wp\/v2\/types\/page"}],"author":[{"embeddable":true,"href":"https:\/\/www.centroflora.com.br\/en\/wp-json\/wp\/v2\/users\/2"}],"replies":[{"embeddable":true,"href":"https:\/\/www.centroflora.com.br\/en\/wp-json\/wp\/v2\/comments?post=26"}],"version-history":[{"count":0,"href":"https:\/\/www.centroflora.com.br\/en\/wp-json\/wp\/v2\/pages\/26\/revisions"}],"wp:attachment":[{"href":"https:\/\/www.centroflora.com.br\/en\/wp-json\/wp\/v2\/media?parent=26"}],"curies":[{"name":"wp","href":"https:\/\/api.w.org\/{rel}","templated":true}]}}