{"id":944,"date":"2024-10-03T09:11:47","date_gmt":"2024-10-03T12:11:47","guid":{"rendered":"https:\/\/www.centroflora.com.br\/?page_id=944"},"modified":"2024-10-24T14:16:55","modified_gmt":"2024-10-24T17:16:55","slug":"servicos","status":"publish","type":"page","link":"https:\/\/www.centroflora.com.br\/en\/servicos\/","title":{"rendered":"Services"},"content":{"rendered":"\t\t<div data-elementor-type=\"wp-page\" data-elementor-id=\"944\" class=\"elementor elementor-944\">\n\t\t\t\t<div class=\"elementor-element elementor-element-4ba40d0 e-flex e-con-boxed e-con e-parent\" data-id=\"4ba40d0\" data-element_type=\"container\" data-e-type=\"container\" data-settings=\"{&quot;jet_parallax_layout_list&quot;:[]}\">\n\t\t\t\t\t<div class=\"e-con-inner\">\n\t\t<div class=\"jet-sticky-column elementor-element elementor-element-4e39a38 e-con-full e-flex e-con e-child\" data-jet-settings=\"{&quot;id&quot;:&quot;4e39a38&quot;,&quot;sticky&quot;:true,&quot;topSpacing&quot;:180,&quot;bottomSpacing&quot;:50,&quot;stickyOn&quot;:[&quot;desktop&quot;,&quot;widescreen&quot;,&quot;laptop&quot;,&quot;tablet_extra&quot;,&quot;tablet&quot;,&quot;mobile_extra&quot;],&quot;behavior&quot;:&quot;default&quot;,&quot;zIndex&quot;:1100}\" data-id=\"4e39a38\" data-element_type=\"container\" data-e-type=\"container\" data-settings=\"{&quot;jet_parallax_layout_list&quot;:[]}\">\n\t\t\t\t<div class=\"elementor-element elementor-element-2e0a209 elementor-widget__width-auto elementor-widget elementor-widget-heading\" data-id=\"2e0a209\" data-element_type=\"widget\" data-e-type=\"widget\" data-widget_type=\"heading.default\">\n\t\t\t\t<div class=\"elementor-widget-container\">\n\t\t\t\t\t<div class=\"elementor-heading-title elementor-size-default\">Nossos servi\u00e7os<\/div>\t\t\t\t<\/div>\n\t\t\t\t<\/div>\n\t\t\t\t<div class=\"elementor-element elementor-element-b71346d elementor-widget elementor-widget-heading\" data-id=\"b71346d\" data-element_type=\"widget\" data-e-type=\"widget\" data-widget_type=\"heading.default\">\n\t\t\t\t<div class=\"elementor-widget-container\">\n\t\t\t\t\t<h1 class=\"elementor-heading-title elementor-size-default\">Transformando a <span class=\"verde-claro\">riqueza natural<\/span><br \/>\nem\u00a0 solu\u00e7\u00f5es de sa\u00fade sustent\u00e1veis e inovadoras<\/h1>\t\t\t\t<\/div>\n\t\t\t\t<\/div>\n\t\t\t\t<\/div>\n\t\t<div class=\"elementor-element elementor-element-2ab6ce5 e-con-full e-flex e-con e-child\" data-id=\"2ab6ce5\" data-element_type=\"container\" data-e-type=\"container\" data-settings=\"{&quot;jet_parallax_layout_list&quot;:[]}\">\n\t\t\t\t<div class=\"elementor-element elementor-element-a7ee4ad elementor-widget elementor-widget-ucaddon_servicos_centroflora\" data-id=\"a7ee4ad\" data-element_type=\"widget\" data-e-type=\"widget\" data-widget_type=\"ucaddon_servicos_centroflora.default\">\n\t\t\t\t<div class=\"elementor-widget-container\">\n\t\t\t\t\t\n<!-- start Servi\u00e7os Centroflora -->\n\t\t<link id='font-awesome-css' href='https:\/\/www.centroflora.com.br\/wp-content\/plugins\/unlimited-elements-for-elementor\/assets_libraries\/font-awesome6\/fontawesome-all.min.css' type='text\/css' rel='stylesheet' >\n\t\t<link id='font-awesome-4-shim-css' href='https:\/\/www.centroflora.com.br\/wp-content\/plugins\/unlimited-elements-for-elementor\/assets_libraries\/font-awesome6\/fontawesome-v4-shims.min.css' type='text\/css' rel='stylesheet' >\n\n<style>\/* widget: Servi\u00e7os Centroflora *\/\n\n#uc_servicos_centroflora_elementor_a7ee4ad {\n    display:grid;\n}\n#uc_servicos_centroflora_elementor_a7ee4ad .ue_post_blocks_box\n{\n  overflow:hidden;\n}\n\n#uc_servicos_centroflora_elementor_a7ee4ad .ue_post_blocks_image\n{\n  overflow:hidden;\n}\n#uc_servicos_centroflora_elementor_a7ee4ad .ue_post_blocks_image img\n{\n  width:100%;\n  display:block;\n}\n#uc_servicos_centroflora_elementor_a7ee4ad .ue_post_blocks_link a\n{\n  display:;\n  text-decoration:none;\n  text-align:center;\n}\n\n\n#uc_servicos_centroflora_elementor_a7ee4ad .ue-grid-item-meta-data\n{\n  display:inlin-flex;\n  flex-wrap: wrap;\n}\n\n.ue-grid-item-meta-data\n{\n  font-size:12px;\n}\n\n#uc_servicos_centroflora_elementor_a7ee4ad .ue-grid-item-meta-data-icon\n{\n  line-height:1em;\n}\n\n#uc_servicos_centroflora_elementor_a7ee4ad .ue-grid-item-meta-data-icon svg\n{\n  width:1em;\n  height:1em;\n}\n\n#uc_servicos_centroflora_elementor_a7ee4ad .ue_post_blocks_box{\n  display: flex;\n  flex-direction: column;\n}\n\n.ue-grid-item-category a\n{\n  display:inline-block;\n  font-size:10px;\n  text-transform:uppercase;\n}\n\n\n\n\n<\/style>\n\n<div class=\"servicos-container\">\n<div class=\"servico-item-container\" id=\"958\">\n  <div class=\"header\">\n     \n    <img decoding=\"async\" src=\"https:\/\/www.centroflora.com.br\/wp-content\/uploads\/2024\/09\/missao.svg\" alt=\"Terceiriza\u00e7\u00e3o \/ CDMO\" height=\"30\" style=\"height:30px;\"\/>\n    <h3>Terceiriza\u00e7\u00e3o \/ CDMO<\/h3>\n  <\/div>\n  <div class=\"saiba-mais\">Saiba mais +<\/div>\n<\/div>\n<div class=\"servico-item-container\" id=\"959\">\n  <div class=\"header\">\n     \n    <img decoding=\"async\" src=\"https:\/\/www.centroflora.com.br\/wp-content\/uploads\/2024\/09\/visao.svg\" alt=\"Inova\u00e7\u00e3o em Desenvolvimento de Extratos\" height=\"30\" style=\"height:30px;\"\/>\n    <h3>Inova\u00e7\u00e3o em Desenvolvimento de Extratos<\/h3>\n  <\/div>\n  <div class=\"saiba-mais\">Saiba mais +<\/div>\n<\/div>\n<div class=\"servico-item-container\" id=\"961\">\n  <div class=\"header\">\n     \n    <img decoding=\"async\" src=\"https:\/\/www.centroflora.com.br\/wp-content\/uploads\/2024\/09\/missao.svg\" alt=\"Assessoria Regulat\u00f3ria e Cient\u00edfica\" height=\"30\" style=\"height:30px;\"\/>\n    <h3>Assessoria Regulat\u00f3ria e Cient\u00edfica<\/h3>\n  <\/div>\n  <div class=\"saiba-mais\">Saiba mais +<\/div>\n<\/div>\n<div class=\"servico-item-container\" id=\"962\">\n  <div class=\"header\">\n     \n    <img decoding=\"async\" src=\"https:\/\/www.centroflora.com.br\/wp-content\/uploads\/2024\/10\/icone-servicos.svg\" alt=\"Pesquisa e Desenvolvimento de Novos Produtos\" height=\"30\" style=\"height:30px;\"\/>\n    <h3>Pesquisa e Desenvolvimento de Novos Produtos<\/h3>\n  <\/div>\n  <div class=\"saiba-mais\">Saiba mais +<\/div>\n<\/div>\n<div class=\"servico-item-container\" id=\"964\">\n  <div class=\"header\">\n     \n    <img decoding=\"async\" src=\"https:\/\/www.centroflora.com.br\/wp-content\/uploads\/2024\/09\/valores.svg\" alt=\"Suporte T\u00e9cnico-Regulat\u00f3rio para Elabora\u00e7\u00e3o de Dossi\u00eas e DMFs\" height=\"30\" style=\"height:30px;\"\/>\n    <h3>Suporte T\u00e9cnico-Regulat\u00f3rio para Elabora\u00e7\u00e3o de Dossi\u00eas e DMFs<\/h3>\n  <\/div>\n  <div class=\"saiba-mais\">Saiba mais +<\/div>\n<\/div>\n<div class=\"servico-item-container\" id=\"965\">\n  <div class=\"header\">\n     \n    <img decoding=\"async\" src=\"https:\/\/www.centroflora.com.br\/wp-content\/uploads\/2024\/10\/icone-servicos.svg\" alt=\"Desenvolvimento e Valida\u00e7\u00e3o de Metodologias Anal\u00edticas\" height=\"30\" style=\"height:30px;\"\/>\n    <h3>Desenvolvimento e Valida\u00e7\u00e3o de Metodologias Anal\u00edticas<\/h3>\n  <\/div>\n  <div class=\"saiba-mais\">Saiba mais +<\/div>\n<\/div>\n<div class=\"servico-item-container\" id=\"2743\">\n  <div class=\"header\">\n     \n    <img decoding=\"async\" src=\"https:\/\/www.centroflora.com.br\/wp-content\/uploads\/2025\/02\/icone-servicos-1.svg\" alt=\"Servi\u00e7os Agron\u00f4micos\" height=\"30\" style=\"height:30px;\"\/>\n    <h3>Servi\u00e7os Agron\u00f4micos<\/h3>\n  <\/div>\n  <div class=\"saiba-mais\">Saiba mais +<\/div>\n<\/div>\n\n<\/div>\n<div class=\"servicos-modal\" id=\"modal_uc_servicos_centroflora_elementor_a7ee4ad\">\n  <div class=\"servicos-modal-container\" id=\"modal_958\">\n  <div class=\"modal-container\">\n    <div class=\"modal-close\"><i class=\"fas fa-times\"><\/i><\/div>\n    \t<div class=\"modal-content\">\n           \n          <img decoding=\"async\" src=\"https:\/\/www.centroflora.com.br\/wp-content\/uploads\/2024\/09\/missao.svg\" alt=\"Terceiriza\u00e7\u00e3o \/ CDMO\" height=\"30\" style=\"height:30px;\"\/>\n          <h3 class=\"modal-titulo\">\n            Terceiriza\u00e7\u00e3o \/ CDMO\n          <\/h3>\n          <div class=\"modal-texto-container\">\n                      \t<div class=\"modal-texto-container-texto\">\n      \t\t\t<p>Oferecemos servi\u00e7os completos de fabrica\u00e7\u00e3o e desenvolvimento por contrato, garantindo produ\u00e7\u00e3o de alta qualidade e solu\u00e7\u00f5es inovadoras sob medida para suas necessidades.<\/p>\n<ul>\n<li>Fabrica\u00e7\u00e3o de Insumos Farmac\u00eauticos Ativos;<\/li>\n<li>Fabrica\u00e7\u00e3o de Insumos Aliment\u00edcios;<\/li>\n<li>Fabrica\u00e7\u00e3o de Insumos Cosm\u00e9ticos;<\/li>\n<li>Secagem de Insumos Aliment\u00edcios (SIF\/MAPA);<\/li>\n<li>Obten\u00e7\u00e3o de \u00d3leos Essenciais;<\/li>\n<li>Plantio, cultivo e secagem de esp\u00e9cies vegetais.<\/li>\n<\/ul>\n\n              <p><a href=\"\/contato?assunto=Informa\u00e7\u00f5es sobre Terceiriza\u00e7\u00e3o \/ CDMO\">Entre em contato<\/a><\/p>\n          \t<\/div>\n          <\/div>\n    <\/div>\n  <\/div>  \n<\/div>\n<div class=\"servicos-modal-container\" id=\"modal_959\">\n  <div class=\"modal-container\">\n    <div class=\"modal-close\"><i class=\"fas fa-times\"><\/i><\/div>\n    \t<div class=\"modal-content\">\n           \n          <img decoding=\"async\" src=\"https:\/\/www.centroflora.com.br\/wp-content\/uploads\/2024\/09\/visao.svg\" alt=\"Inova\u00e7\u00e3o em Desenvolvimento de Extratos\" height=\"30\" style=\"height:30px;\"\/>\n          <h3 class=\"modal-titulo\">\n            Inova\u00e7\u00e3o em Desenvolvimento de Extratos\n          <\/h3>\n          <div class=\"modal-texto-container\">\n                      \t<div class=\"modal-texto-container-texto\">\n      \t\t\t<p>Inovamos no desenvolvimento de extratos vegetais, combinando sabedoria tradicional, tecnologia de ponta e compet\u00eancia cient\u00edfica para criar solu\u00e7\u00f5es eficazes e sustent\u00e1veis para a sa\u00fade e bem-estar.<\/p>\n<ul>\n<li>Pesquisa cient\u00edfica de potenciais extratos;<\/li>\n<li>Desenvolvimento de extratos \u2013 Inova\u00e7\u00e3o radical;<\/li>\n<li>Desenvolvimento de extratos \u2013 Inova\u00e7\u00e3o incremental;<\/li>\n<li>Desenvolvimento de processos nas escalas de bancada e piloto;<\/li>\n<li>Transfer\u00eancia de tecnologia para a \u00e1rea fabril.<\/li>\n<\/ul>\n\n              <p><a href=\"\/contato?assunto=Informa\u00e7\u00f5es sobre Inova\u00e7\u00e3o em Desenvolvimento de Extratos\">Entre em contato<\/a><\/p>\n          \t<\/div>\n          <\/div>\n    <\/div>\n  <\/div>  \n<\/div>\n<div class=\"servicos-modal-container\" id=\"modal_961\">\n  <div class=\"modal-container\">\n    <div class=\"modal-close\"><i class=\"fas fa-times\"><\/i><\/div>\n    \t<div class=\"modal-content\">\n           \n          <img decoding=\"async\" src=\"https:\/\/www.centroflora.com.br\/wp-content\/uploads\/2024\/09\/missao.svg\" alt=\"Assessoria Regulat\u00f3ria e Cient\u00edfica\" height=\"30\" style=\"height:30px;\"\/>\n          <h3 class=\"modal-titulo\">\n            Assessoria Regulat\u00f3ria e Cient\u00edfica\n          <\/h3>\n          <div class=\"modal-texto-container\">\n                      \t<div class=\"modal-texto-container-texto\">\n      \t\t\t<p>Para garantir um suporte t\u00e9cnico e regulamentar de alto n\u00edvel, oferecemos assist\u00eancia na cria\u00e7\u00e3o de documentos e arquivos, al\u00e9m de consultoria especializada em transfer\u00eancia de tecnologia e regulamenta\u00e7\u00e3o de produtos fitoter\u00e1picos.<\/p>\n<ul>\n<li>Consultoria em processos de transfer\u00eancia de tecnologia farmac\u00eautica;<\/li>\n<li>Consultoria na elabora\u00e7\u00e3o de documentos regulamentares para registros internacionais;<\/li>\n<li>Consultoria na prepara\u00e7\u00e3o de documentos de seguran\u00e7a relacionados \u00e0 fabrica\u00e7\u00e3o do insumo;<\/li>\n<li>Consultoria regulamentar para regulamenta\u00e7\u00e3o de fitoter\u00e1picos e medicamentos espec\u00edficos.<\/li>\n<\/ul>\n\n              <p><a href=\"\/contato?assunto=Informa\u00e7\u00f5es sobre Assessoria Regulat\u00f3ria e Cient\u00edfica\">Entre em contato<\/a><\/p>\n          \t<\/div>\n          <\/div>\n    <\/div>\n  <\/div>  \n<\/div>\n<div class=\"servicos-modal-container\" id=\"modal_962\">\n  <div class=\"modal-container\">\n    <div class=\"modal-close\"><i class=\"fas fa-times\"><\/i><\/div>\n    \t<div class=\"modal-content\">\n           \n          <img decoding=\"async\" src=\"https:\/\/www.centroflora.com.br\/wp-content\/uploads\/2024\/10\/icone-servicos.svg\" alt=\"Pesquisa e Desenvolvimento de Novos Produtos\" height=\"30\" style=\"height:30px;\"\/>\n          <h3 class=\"modal-titulo\">\n            Pesquisa e Desenvolvimento de Novos Produtos\n          <\/h3>\n          <div class=\"modal-texto-container\">\n                      \t<div class=\"modal-texto-container-texto\">\n      \t\t\t<p>Com a estrutura fabril, que contempla um site dedicado a Pesquisa, Desenvolvimento e Inova\u00e7\u00e3o, e um time de mestres e doutores em Produtos Naturais, temos recursos tecnol\u00f3gicos e conhecimento, para acelerar o time-to-market dos produtos, atrav\u00e9s da utiliza\u00e7\u00e3o de ferramentas cient\u00edficas, como Quality by Design (QbD), Design of Experiments e estudos AI \u2013 dirigidos.<\/p>\n<ul>\n<li>Pesquisa cient\u00edfica de potenciais extratos;<\/li>\n<li>Desenvolvimento de extrato customizado;<\/li>\n<li>Desenvolvimento de processo nas escalas de bancada e piloto;<\/li>\n<li>Otimiza\u00e7\u00e3o de processo em bancada atrav\u00e9s de QbD.<\/li>\n<\/ul>\n\n              <p><a href=\"\/contato?assunto=Informa\u00e7\u00f5es sobre Pesquisa e Desenvolvimento de Novos Produtos\">Entre em contato<\/a><\/p>\n          \t<\/div>\n          <\/div>\n    <\/div>\n  <\/div>  \n<\/div>\n<div class=\"servicos-modal-container\" id=\"modal_964\">\n  <div class=\"modal-container\">\n    <div class=\"modal-close\"><i class=\"fas fa-times\"><\/i><\/div>\n    \t<div class=\"modal-content\">\n           \n          <img decoding=\"async\" src=\"https:\/\/www.centroflora.com.br\/wp-content\/uploads\/2024\/09\/valores.svg\" alt=\"Suporte T\u00e9cnico-Regulat\u00f3rio para Elabora\u00e7\u00e3o de Dossi\u00eas e DMFs\" height=\"30\" style=\"height:30px;\"\/>\n          <h3 class=\"modal-titulo\">\n            Suporte T\u00e9cnico-Regulat\u00f3rio para Elabora\u00e7\u00e3o de Dossi\u00eas e DMFs\n          <\/h3>\n          <div class=\"modal-texto-container\">\n                      \t<div class=\"modal-texto-container-texto\">\n      \t\t\t<p>Para garantir um suporte t\u00e9cnico e regulat\u00f3rio de alta qualidade, oferecemos assist\u00eancia na elabora\u00e7\u00e3o de dossi\u00eas e DMFs, al\u00e9m de consultoria especializada em transfer\u00eancia de tecnologia e regulamenta\u00e7\u00e3o de fitoter\u00e1picos.<\/p>\n<ul>\n<li>Consultoria em processos de Transfer\u00eancia de Tecnologia Farmoqu\u00edmica;<\/li>\n<li>Consultoria na elabora\u00e7\u00e3o de dossi\u00eas regulat\u00f3rios em formato CTD (DMF, CEP, EDMF, ASMF e Technical Package) para registros internacionais;<\/li>\n<li>Consultoria na elabora\u00e7\u00e3o de dossi\u00eas de seguran\u00e7a do tipo GRAS (atrelado a fabrica\u00e7\u00e3o do insumo);<\/li>\n<li>Consultoria Regulat\u00f3ria no \u00e2mbito de Regulamenta\u00e7\u00e3o de Fitoter\u00e1picos e Medicamentos Espec\u00edficos (ANVISA).<\/li>\n<\/ul>\n\n              <p><a href=\"\/contato?assunto=Informa\u00e7\u00f5es sobre Suporte T\u00e9cnico-Regulat\u00f3rio para Elabora\u00e7\u00e3o de Dossi\u00eas e DMFs\">Entre em contato<\/a><\/p>\n          \t<\/div>\n          <\/div>\n    <\/div>\n  <\/div>  \n<\/div>\n<div class=\"servicos-modal-container\" id=\"modal_965\">\n  <div class=\"modal-container\">\n    <div class=\"modal-close\"><i class=\"fas fa-times\"><\/i><\/div>\n    \t<div class=\"modal-content\">\n           \n          <img decoding=\"async\" src=\"https:\/\/www.centroflora.com.br\/wp-content\/uploads\/2024\/10\/icone-servicos.svg\" alt=\"Desenvolvimento e Valida\u00e7\u00e3o de Metodologias Anal\u00edticas\" height=\"30\" style=\"height:30px;\"\/>\n          <h3 class=\"modal-titulo\">\n            Desenvolvimento e Valida\u00e7\u00e3o de Metodologias Anal\u00edticas\n          <\/h3>\n          <div class=\"modal-texto-container\">\n                        <div class=\"modal-texto-container-img\">\n            \t<img decoding=\"async\" class=\"thumbnail-servicos\" src=\"https:\/\/www.centroflora.com.br\/wp-content\/uploads\/2024\/10\/inovacao-flip-1-768x512.jpg\" alt=\"Desenvolvimento e Valida\u00e7\u00e3o de Metodologias Anal\u00edticas\" \/>\n            <\/div>\n                      \t<div class=\"modal-texto-container-texto\">\n      \t\t\t<p>Para garantir resultados precisos e confi\u00e1veis em nossos servi\u00e7os especializados de desenvolvimento e valida\u00e7\u00e3o de metodologias anal\u00edticas, contamos com um time de experts em m\u00e9todos cromatogr\u00e1ficos e utilizamos equipamentos de alta tecnologia para elevar a qualidade e efici\u00eancia dos processos anal\u00edticos, seguindo guias e normas regulamentadoras nacionais e internacionais, tais como Anvisa, FDA e ICH.<\/p>\n<ul>\n<li>Desenvolvimento e\/ou Valida\u00e7\u00e3o de metodologia anal\u00edtica por U;<\/li>\n<li>Desenvolvimento e\/ou Valida\u00e7\u00e3o de metodologia anal\u00edtica por HPLC\/UPLC;<\/li>\n<li>Desenvolvimento e\/ou Valida\u00e7\u00e3o de metodologia anal\u00edtica por CG;<\/li>\n<li>Suporte cient\u00edfico na elabora\u00e7\u00e3o de protocolos e relat\u00f3rios de valida\u00e7\u00e3o anal\u00edtica.<\/li>\n<\/ul>\n\n              <p><a href=\"\/contato?assunto=Informa\u00e7\u00f5es sobre Desenvolvimento e Valida\u00e7\u00e3o de Metodologias Anal\u00edticas\">Entre em contato<\/a><\/p>\n          \t<\/div>\n          <\/div>\n    <\/div>\n  <\/div>  \n<\/div>\n<div class=\"servicos-modal-container\" id=\"modal_2743\">\n  <div class=\"modal-container\">\n    <div class=\"modal-close\"><i class=\"fas fa-times\"><\/i><\/div>\n    \t<div class=\"modal-content\">\n           \n          <img decoding=\"async\" src=\"https:\/\/www.centroflora.com.br\/wp-content\/uploads\/2025\/02\/icone-servicos-1.svg\" alt=\"Servi\u00e7os Agron\u00f4micos\" height=\"30\" style=\"height:30px;\"\/>\n          <h3 class=\"modal-titulo\">\n            Servi\u00e7os Agron\u00f4micos\n          <\/h3>\n          <div class=\"modal-texto-container\">\n                      \t<div class=\"modal-texto-container-texto\">\n      \t\t\t<p>Na Centroflora, atuamos de forma integrada para garantir a qualidade, rastreabilidade e sustentabilidade dos nossos insumos bot\u00e2nicos.<\/p>\n<ul>\n<li>Desenvolvimento de cadeia produtiva bot\u00e2nica;<\/li>\n<li>Desenvolvimento de manejo e processamento prim\u00e1rio espec\u00edfico para cada esp\u00e9cie Bot\u00e2nica;<\/li>\n<li>Implementa\u00e7\u00e3o de Boas Pr\u00e1ticas Agr\u00edcolas para novos cultivos;<\/li>\n<li>Prospec\u00e7\u00e3o e visita t\u00e9cnica agr\u00edcola para potenciais fornecedores;<\/li>\n<li>Estudos experimentais agr\u00edcolas;<\/li>\n<\/ul>\n\n              <p><a href=\"\/contato?assunto=Informa\u00e7\u00f5es sobre Servi\u00e7os Agron\u00f4micos\">Entre em contato<\/a><\/p>\n          \t<\/div>\n          <\/div>\n    <\/div>\n  <\/div>  \n<\/div>\n\n<\/div>\n<!-- end Servi\u00e7os Centroflora -->\t\t\t\t<\/div>\n\t\t\t\t<\/div>\n\t\t\t\t<\/div>\n\t\t\t\t\t<\/div>\n\t\t\t\t<\/div>\n\t\t\t\t<\/div>\n\t\t","protected":false},"excerpt":{"rendered":"<p>Nossos servi\u00e7os Transformando a riqueza natural em\u00a0 solu\u00e7\u00f5es de sa\u00fade sustent\u00e1veis e inovadoras Terceiriza\u00e7\u00e3o \/ CDMO Saiba mais + Inova\u00e7\u00e3o em Desenvolvimento de Extratos Saiba mais + Assessoria Regulat\u00f3ria e Cient\u00edfica Saiba mais + Pesquisa e Desenvolvimento de Novos Produtos Saiba mais + Suporte T\u00e9cnico-Regulat\u00f3rio para Elabora\u00e7\u00e3o de Dossi\u00eas e DMFs para IFAs\/IFAVs\/Insumos Aliment\u00edcios Saiba [&hellip;]<\/p>\n","protected":false},"author":2,"featured_media":0,"parent":0,"menu_order":0,"comment_status":"closed","ping_status":"closed","template":"","meta":{"footnotes":""},"class_list":["post-944","page","type-page","status-publish","hentry"],"aioseo_notices":[],"_links":{"self":[{"href":"https:\/\/www.centroflora.com.br\/en\/wp-json\/wp\/v2\/pages\/944","targetHints":{"allow":["GET"]}}],"collection":[{"href":"https:\/\/www.centroflora.com.br\/en\/wp-json\/wp\/v2\/pages"}],"about":[{"href":"https:\/\/www.centroflora.com.br\/en\/wp-json\/wp\/v2\/types\/page"}],"author":[{"embeddable":true,"href":"https:\/\/www.centroflora.com.br\/en\/wp-json\/wp\/v2\/users\/2"}],"replies":[{"embeddable":true,"href":"https:\/\/www.centroflora.com.br\/en\/wp-json\/wp\/v2\/comments?post=944"}],"version-history":[{"count":0,"href":"https:\/\/www.centroflora.com.br\/en\/wp-json\/wp\/v2\/pages\/944\/revisions"}],"wp:attachment":[{"href":"https:\/\/www.centroflora.com.br\/en\/wp-json\/wp\/v2\/media?parent=944"}],"curies":[{"name":"wp","href":"https:\/\/api.w.org\/{rel}","templated":true}]}}